{"id":614,"date":"2021-04-25T15:58:19","date_gmt":"2021-04-25T15:58:19","guid":{"rendered":"https:\/\/www.couchgetuschel.at\/?page_id=614"},"modified":"2021-04-25T16:17:04","modified_gmt":"2021-04-25T16:17:04","slug":"stapeln-sie-hoch","status":"publish","type":"page","link":"https:\/\/www.couchgetuschel.at\/?page_id=614","title":{"rendered":"Stapeln sie hoch!"},"content":{"rendered":"\t\t<div data-elementor-type=\"wp-page\" data-elementor-id=\"614\" class=\"elementor elementor-614\" data-elementor-settings=\"[]\">\n\t\t\t\t\t\t<div class=\"elementor-inner\">\n\t\t\t\t\t\t\t<div class=\"elementor-section-wrap\">\n\t\t\t\t\t\t\t<section class=\"elementor-section elementor-top-section elementor-element elementor-element-8d2e616 elementor-section-boxed elementor-section-height-default elementor-section-height-default\" data-id=\"8d2e616\" data-element_type=\"section\">\n\t\t\t\t\t\t<div class=\"elementor-container elementor-column-gap-default\">\n\t\t\t\t\t\t\t<div class=\"elementor-row\">\n\t\t\t\t\t<div class=\"elementor-column elementor-col-100 elementor-top-column elementor-element elementor-element-a0656ac\" data-id=\"a0656ac\" data-element_type=\"column\">\n\t\t\t<div class=\"elementor-column-wrap elementor-element-populated\">\n\t\t\t\t\t\t\t<div class=\"elementor-widget-wrap\">\n\t\t\t\t\t\t<div class=\"elementor-element elementor-element-87bf0f5 elementor-widget elementor-widget-heading\" data-id=\"87bf0f5\" data-element_type=\"widget\" data-widget_type=\"heading.default\">\n\t\t\t\t<div class=\"elementor-widget-container\">\n\t\t\t<h2 class=\"elementor-heading-title elementor-size-default\">Stapeln Sie hoch!<\/h2>\t\t<\/div>\n\t\t\t\t<\/div>\n\t\t\t\t\t\t<\/div>\n\t\t\t\t\t<\/div>\n\t\t<\/div>\n\t\t\t\t\t\t\t\t<\/div>\n\t\t\t\t\t<\/div>\n\t\t<\/section>\n\t\t\t\t<section class=\"elementor-section elementor-top-section elementor-element elementor-element-d9f6b7f elementor-section-boxed elementor-section-height-default elementor-section-height-default\" data-id=\"d9f6b7f\" data-element_type=\"section\">\n\t\t\t\t\t\t<div class=\"elementor-container elementor-column-gap-default\">\n\t\t\t\t\t\t\t<div class=\"elementor-row\">\n\t\t\t\t\t<div class=\"elementor-column elementor-col-100 elementor-top-column elementor-element elementor-element-703a3c5\" data-id=\"703a3c5\" data-element_type=\"column\">\n\t\t\t<div class=\"elementor-column-wrap elementor-element-populated\">\n\t\t\t\t\t\t\t<div class=\"elementor-widget-wrap\">\n\t\t\t\t\t\t<div class=\"elementor-element elementor-element-bc5ce42 elementor-widget elementor-widget-text-editor\" data-id=\"bc5ce42\" data-element_type=\"widget\" data-widget_type=\"text-editor.default\">\n\t\t\t\t<div class=\"elementor-widget-container\">\n\t\t\t\t\t\t\t\t<div class=\"elementor-text-editor elementor-clearfix\">\n\t\t\t\t\t<section class=\"elementor-section elementor-top-section elementor-element elementor-element-a249cf9 elementor-section-boxed elementor-section-height-default elementor-section-height-default\" data-id=\"a249cf9\" data-element_type=\"section\"><div class=\"elementor-container elementor-column-gap-default\"><div class=\"elementor-row\"><div class=\"elementor-column elementor-col-100 elementor-top-column elementor-element elementor-element-5a60f4a\" data-id=\"5a60f4a\" data-element_type=\"column\"><div class=\"elementor-column-wrap elementor-element-populated\"><div class=\"elementor-widget-wrap\"><div class=\"elementor-element elementor-element-55fed75 elementor-widget elementor-widget-image\" data-id=\"55fed75\" data-element_type=\"widget\" data-widget_type=\"image.default\"><div class=\"elementor-widget-container\"><p class=\"elementor-image\"><img loading=\"lazy\" class=\"attachment-thumbnail size-thumbnail\" src=\"https:\/\/www.couchgetuschel.at\/wp-content\/uploads\/2020\/11\/Foto_2_Zeitschriften-Hocker-150x150.png\" sizes=\"(max-width: 150px) 100vw, 150px\" srcset=\"https:\/\/www.couchgetuschel.at\/wp-content\/uploads\/2020\/11\/Foto_2_Zeitschriften-Hocker-150x150.png 150w, https:\/\/www.couchgetuschel.at\/wp-content\/uploads\/2020\/11\/Foto_2_Zeitschriften-Hocker-200x200.png 200w, https:\/\/www.couchgetuschel.at\/wp-content\/uploads\/2020\/11\/Foto_2_Zeitschriften-Hocker-100x100.png 100w\" alt=\"Couchgetuschel by Julia N\u00f6bauer\" width=\"150\" height=\"150\" \/><\/p><\/div><\/div><\/div><\/div><\/div><\/div><\/div><\/section><div class=\"elementor-container elementor-column-gap-default\"><div class=\"elementor-row\"><div class=\"elementor-column elementor-col-100 elementor-top-column elementor-element elementor-element-9a73924\" data-id=\"9a73924\" data-element_type=\"column\"><div class=\"elementor-column-wrap elementor-element-populated\"><div class=\"elementor-widget-wrap\"><div class=\"elementor-element elementor-element-eedcb4b elementor-widget elementor-widget-text-editor\" data-id=\"eedcb4b\" data-element_type=\"widget\" data-widget_type=\"text-editor.default\"><div class=\"elementor-widget-container\"><div class=\"elementor-text-editor elementor-clearfix\"><p class=\"textLayer\">WAS TUN, WENN UNORDNUNG UND \u00c4STHETISCHES EMPFINDEN SICH ST\u00c4NDIG IN DIE QUERE KOMMEN?<\/p><p class=\"textLayer\">ICH BIN EINE HOCHSTAPLERIN. DIE GRENZE MEINERSTAPELNIST DIE ZIMMERDECKE. K\u00dcNDIGT SICH JEMANDAUF EINEN SPONTANEN BESUCH AN, D\u00dcSE ICH \u00c4HNLICH SCHNELL WIEUSAIN BOLT DURCH DIE WOHNUNG UND VERSUCHE EINEN OPTISCH AUFGER\u00c4UMTEN ZUSTANDHERZUSTELLEN. DABEI GEHT ES OFTMALS UM SEKUNDEN, DENN MAN SELBST M\u00d6CHTE JA AUCH NOCH ADRETT UND ENTSPANNT AUSSEHEN, WENN MAN DEN G\u00c4STEN DIE T\u00dcR \u00d6FFNET.<\/p><p class=\"textLayer\">UM DEN SCHEIN, EIN ORDENTLICHES ZUHAUSE ZU HABEN, ZU WAHREN, BRAUCHT ES EINE STRATEGIE. MEINE LAUTET: STAPELN SIE HOCH! ALLES WAS NICHT SCHNELL IN EINEKOMMODE, EINEN KASTEN ODER EINE KISTE GESCHMISSENWERDEN KANN, WIRDAN NEURALGISCHEN PUNKTEN ABGELEGT.<\/p><p class=\"textLayer\">ZEITSCHRIFTEN WERDEN DORT \u00dcBEREINANDERGESTAPELT, PAPIERKRAM EBENSO.GEWAND, DAS SICH \u00dcBER ST\u00dcHLEN UND AM BODEN VERTEILT, WIRD EINFACH \u00dcBEREINANDERGESCHICHTET UND AM BESTEN IN EINEM ZIMMER ABGELEGT, DAS VON NIEMANDEM AUSSER MIR BETRETEN WIRD. IM SCHLIMMSTEN ALLER F\u00c4LLE, WENN SO GAR KEINE ZEIT BLEIBT, WIRDEINFACH EIN ANSEHNLICHES PLAIDODER EIN H\u00dcBSCHES TUCH \u00dcBER DEN KLEIDERHAUFENGEWORFEN<\/p><p>\u00a0<\/p><p class=\"textLayer\">IMMER NOCH SCH\u00d6NER ALS DEN G\u00c4STENDRECKIGE SOCKEN ODER AUSGELEIERTE JOGGINGHOSEN, DIE SCHON DIE90ER JAHRE MITERLEB THABEN, ZU PR\u00c4SENTIEREN. DIESE VORGEHENSWEISE HAT SEHR LANGE, SEHR GUT FUNKTIONIERT.<\/p><p>\u00a0<\/p><p class=\"textLayer\">ICH HATTE GENUG STAURAUM UND VOR ALLEM EINEN F\u00dcR EINEN SINGLE-HAUSHALT \u00dcBERDIMENSIONAL GROSSEN KLEIDERSCHRANK. WENN DIE UNORDNUNG ZU GROSS WURDE, BEKAM ICH EINEN RAPPEL UND R\u00c4UMTE WIRKLICH AU<\/p><p>\u00a0<\/p><p class=\"textLayer\">ICH ARBEITETE STAPEL F\u00dcR STAPEL ABUND F\u00dcR EIN PAAR TAGE WAR ES DANN AUCH WIRKLICH ORDENTLICH. ICHLUD STOLZERF\u00dcLLT JENE BEKANNTE UND FREUNDE EIN, IN DEREN WOHNUNGEN MAN WIRKLICH IMMER UND JEDER ZEIT VOM BODEN ESSEN K\u00d6NNTE. DOCH NUN IST ALLES ANDERS. ICH BIN NICHT MEHR ALLEINE. MEINE WOHNUNG ERHIELT ZUWACHS IN FORM EINES MANNES UND EINES KINDES. DIESE SIND AUCH NICHT ORDENTLICH.<\/p><p>\u00a0<\/p><p class=\"textLayer\">UND IM GEGENSATZ ZU MIR, STAPELN SIE NICHT HOCH SONDERN BREITEN SICH FL\u00c4CHENM\u00c4SSIG AUS. EINE GEF\u00c4HRLICHE MISCHUNG F\u00dcR JEMANDEN, DER EIGENTLICH EIN SEHR AUSGEPR\u00c4GTES \u00c4STHETISCHES EMPFINDEN HAT.DASS ICH DAS CHAOS NUN WIRKLICH NICHT MEHR IM GRIFF HABE, BEWEIST DIE TATSACHE, DASS ICH MEINE MUTTER UNL\u00c4NGSTNACH EINEM L\u00c4NGST VERSCHOLLEN GEGLAUBTEN THONET-SESSEL FRAGTE. DIESE ANTWORTETE DARAUF NUR KOPFSCH\u00dcTTELND: \u201eDER STEHT IN DEINEM FLUR, BEGRABEN UNTER ALL DEINEN JACKEN, SCHALS UND TASCHEN!<\/p><p class=\"page\" data-page-number=\"2\" data-loaded=\"true\">\u00a0<\/p><p class=\"textLayer\">DONT\u2019S:\u2022VERMEIDEN SIE DEN ERWERB VON \u00dcBERFL\u00dcSSIGEM SCHNICKSCHNACK, NUR WEIL ER BILLIG IST!<\/p><p class=\"textLayer\">\u2022VERZICHTEN SIE AUF OFFENE REGALSYSTEME! SIE SIND DER ALBTRAUM F\u00dcR JEDEN, DER NICHT UNTER EINEM PUTZFIMMEL ODER DEM ZWANG, GEGENST\u00c4NDE GERADE ZU RICHTEN,LEIDET.<\/p><p>\u00a0<\/p><p class=\"textLayer\">\u2022AUCH WENN EKLEKTIZISMUSGERADE SEHR ANGESAGT IST: VERMEIDEN SIE DIE WILDE KOMBINATION VON GRAFISCHEN MOTIVEN, BLUMENMUSTERNUND ANIMALPRINT!<\/p><p>\u00a0<\/p><p class=\"textLayer\">\u2022\u00dcBERLEGEN SIE SICH GUT, OB LOFTARTIGE, OFFEN GESTALTETE R\u00c4UMEF\u00dcR SIE DAS RICHTIGE SIND. WO KEINE T\u00dcREN SIND, L\u00c4SST SICH AUCH NICHTS VERSTECKEN!<\/p><p>\u00a0<\/p><p class=\"textLayer\">DO\u2019S:\u2022MUSTERN SIE KONSEQUENT AUS! \u00dcBERLADENE R\u00c4UMLICHKEITEN SEHEN NIEAUFGER\u00c4UMT AUS!<\/p><p>\u00a0<\/p><p class=\"textLayer\">\u2022NUTZEN SIE NISCHEN, SCHR\u00c4GEN UND RAUM UNTER DER TREPPE! MASSGEFERTIGTE STAUR\u00c4UME ZAHLEN SICH HIER AUS<\/p><p>\u00a0<\/p><p class=\"textLayer\">\u2022SETZEN SIE AUF KLARE LINIEN UND BLEIBEN SIE BEIM EINRICHTEN BEIEINER FARBFAMILIE. EINZELNE FARBTUPFER SORGEN DAF\u00dcR, DASS IHR ZUHAUSE NICHT LANGWEILIG WIRKT.<\/p><p>\u00a0<\/p><p class=\"textLayer\">\u2022SIE M\u00d6GEN PFLANZEN? DANN STELLEN SIE IHRE TOPFPFLANZEN AUSSCHLIESSLICH IN TONT\u00d6PFEUND SCHNITTBLUMEN IN GLASVASEN!SETZEN SIE AUF EIN MATERIAL,DANN WIRKT ALLES SCH\u00d6N HARMONISCH<\/p><p class=\"textLayer\">\u2022INVESTIEREN SIE IN SCH\u00d6NE AUFBEWAHRUNGSMITTEL, WIE EINE ALTE TRUHE ODER SCH\u00d6NE KORBWAREN! SIE SIND GLEICHZEITIG DEKORATIV UND PRAKTISCH!<\/p><\/div><\/div><\/div><\/div><\/div><\/div><\/div><\/div><section class=\"elementor-section elementor-top-section elementor-element elementor-element-e8fcbf3 elementor-section-boxed elementor-section-height-default elementor-section-height-default\" data-id=\"e8fcbf3\" data-element_type=\"section\"><div class=\"elementor-container elementor-column-gap-default\"><div class=\"elementor-row\"><div class=\"elementor-column elementor-col-100 elementor-top-column elementor-element elementor-element-454f9e8\" data-id=\"454f9e8\" data-element_type=\"column\"><div class=\"elementor-column-wrap elementor-element-populated\"><div class=\"elementor-widget-wrap\"><div class=\"elementor-element elementor-element-e89aec8 elementor-widget elementor-widget-image\" data-id=\"e89aec8\" data-element_type=\"widget\" data-widget_type=\"image.default\"><div class=\"elementor-widget-container\"><p class=\"elementor-image\"><img loading=\"lazy\" class=\"attachment-thumbnail size-thumbnail\" src=\"https:\/\/www.couchgetuschel.at\/wp-content\/uploads\/2020\/11\/Foto_2_Bruno-in-der-Birne-150x150.png\" sizes=\"(max-width: 150px) 100vw, 150px\" srcset=\"https:\/\/www.couchgetuschel.at\/wp-content\/uploads\/2020\/11\/Foto_2_Bruno-in-der-Birne-150x150.png 150w, https:\/\/www.couchgetuschel.at\/wp-content\/uploads\/2020\/11\/Foto_2_Bruno-in-der-Birne-200x200.png 200w, https:\/\/www.couchgetuschel.at\/wp-content\/uploads\/2020\/11\/Foto_2_Bruno-in-der-Birne-100x100.png 100w\" alt=\"Couchgetuschel by Julia N\u00f6bauer\" width=\"150\" height=\"150\" \/><\/p><\/div><\/div><\/div><\/div><\/div><\/div><\/div><\/section>\t\t\t\t\t<\/div>\n\t\t\t\t\t\t<\/div>\n\t\t\t\t<\/div>\n\t\t\t\t\t\t<\/div>\n\t\t\t\t\t<\/div>\n\t\t<\/div>\n\t\t\t\t\t\t\t\t<\/div>\n\t\t\t\t\t<\/div>\n\t\t<\/section>\n\t\t\t\t\t\t<\/div>\n\t\t\t\t\t\t<\/div>\n\t\t\t\t\t<\/div>\n\t\t","protected":false},"excerpt":{"rendered":"<p>Stapeln Sie hoch! WAS TUN, WENN UNORDNUNG UND \u00c4STHETISCHES EMPFINDEN SICH ST\u00c4NDIG IN DIE QUERE KOMMEN? ICH BIN EINE HOCHSTAPLERIN. DIE GRENZE MEINERSTAPELNIST DIE ZIMMERDECKE. K\u00dcNDIGT SICH JEMANDAUF EINEN SPONTANEN BESUCH AN, D\u00dcSE ICH \u00c4HNLICH SCHNELL WIEUSAIN BOLT DURCH DIE WOHNUNG UND VERSUCHE EINEN OPTISCH AUFGER\u00c4UMTEN ZUSTANDHERZUSTELLEN. DABEI GEHT ES OFTMALS UM SEKUNDEN, DENN MAN &hellip;<\/p>\n<p class=\"read-more\"> <a class=\"\" href=\"https:\/\/www.couchgetuschel.at\/?page_id=614\"> <span class=\"screen-reader-text\">Stapeln sie hoch!<\/span> Weiterlesen &raquo;<\/a><\/p>\n","protected":false},"author":1,"featured_media":0,"parent":0,"menu_order":0,"comment_status":"closed","ping_status":"closed","template":"","meta":[],"yoast_head":"<!-- This site is optimized with the Yoast SEO plugin v16.1.1 - https:\/\/yoast.com\/wordpress\/plugins\/seo\/ -->\n<title>Stapeln sie hoch! - Couchgetuschel by Julia N\u00f6bauer<\/title>\n<link rel=\"canonical\" href=\"https:\/\/www.couchgetuschel.at\/?page_id=614\" \/>\n<meta property=\"og:locale\" content=\"de_DE\" \/>\n<meta property=\"og:type\" content=\"article\" \/>\n<meta property=\"og:title\" content=\"Stapeln sie hoch! - Couchgetuschel by Julia N\u00f6bauer\" \/>\n<meta property=\"og:description\" content=\"Stapeln Sie hoch! WAS TUN, WENN UNORDNUNG UND \u00c4STHETISCHES EMPFINDEN SICH ST\u00c4NDIG IN DIE QUERE KOMMEN? ICH BIN EINE HOCHSTAPLERIN. DIE GRENZE MEINERSTAPELNIST DIE ZIMMERDECKE. K\u00dcNDIGT SICH JEMANDAUF EINEN SPONTANEN BESUCH AN, D\u00dcSE ICH \u00c4HNLICH SCHNELL WIEUSAIN BOLT DURCH DIE WOHNUNG UND VERSUCHE EINEN OPTISCH AUFGER\u00c4UMTEN ZUSTANDHERZUSTELLEN. DABEI GEHT ES OFTMALS UM SEKUNDEN, DENN MAN &hellip; Stapeln sie hoch! Weiterlesen &raquo;\" \/>\n<meta property=\"og:url\" content=\"https:\/\/www.couchgetuschel.at\/?page_id=614\" \/>\n<meta property=\"og:site_name\" content=\"Couchgetuschel by Julia N\u00f6bauer\" \/>\n<meta property=\"article:modified_time\" content=\"2021-04-25T16:17:04+00:00\" \/>\n<meta property=\"og:image\" content=\"https:\/\/www.couchgetuschel.at\/wp-content\/uploads\/2020\/11\/Foto_2_Zeitschriften-Hocker-150x150.png\" \/>\n<meta name=\"twitter:card\" content=\"summary_large_image\" \/>\n<meta name=\"twitter:label1\" content=\"Gesch\u00e4tzte Lesezeit\">\n\t<meta name=\"twitter:data1\" content=\"3\u00a0Minuten\">\n<script type=\"application\/ld+json\" class=\"yoast-schema-graph\">{\"@context\":\"https:\/\/schema.org\",\"@graph\":[{\"@type\":\"WebSite\",\"@id\":\"https:\/\/www.couchgetuschel.at\/#website\",\"url\":\"https:\/\/www.couchgetuschel.at\/\",\"name\":\"Couchgetuschel by Julia N\\u00f6bauer\",\"description\":\"von Skurillem und Sch\\u00f6nem\",\"potentialAction\":[{\"@type\":\"SearchAction\",\"target\":\"https:\/\/www.couchgetuschel.at\/?s={search_term_string}\",\"query-input\":\"required name=search_term_string\"}],\"inLanguage\":\"de\"},{\"@type\":\"ImageObject\",\"@id\":\"https:\/\/www.couchgetuschel.at\/?page_id=614#primaryimage\",\"inLanguage\":\"de\",\"url\":\"https:\/\/www.couchgetuschel.at\/wp-content\/uploads\/2020\/11\/Foto_2_Zeitschriften-Hocker-150x150.png\",\"contentUrl\":\"https:\/\/www.couchgetuschel.at\/wp-content\/uploads\/2020\/11\/Foto_2_Zeitschriften-Hocker-150x150.png\"},{\"@type\":\"WebPage\",\"@id\":\"https:\/\/www.couchgetuschel.at\/?page_id=614#webpage\",\"url\":\"https:\/\/www.couchgetuschel.at\/?page_id=614\",\"name\":\"Stapeln sie hoch! - Couchgetuschel by Julia N\\u00f6bauer\",\"isPartOf\":{\"@id\":\"https:\/\/www.couchgetuschel.at\/#website\"},\"primaryImageOfPage\":{\"@id\":\"https:\/\/www.couchgetuschel.at\/?page_id=614#primaryimage\"},\"datePublished\":\"2021-04-25T15:58:19+00:00\",\"dateModified\":\"2021-04-25T16:17:04+00:00\",\"breadcrumb\":{\"@id\":\"https:\/\/www.couchgetuschel.at\/?page_id=614#breadcrumb\"},\"inLanguage\":\"de\",\"potentialAction\":[{\"@type\":\"ReadAction\",\"target\":[\"https:\/\/www.couchgetuschel.at\/?page_id=614\"]}]},{\"@type\":\"BreadcrumbList\",\"@id\":\"https:\/\/www.couchgetuschel.at\/?page_id=614#breadcrumb\",\"itemListElement\":[{\"@type\":\"ListItem\",\"position\":1,\"item\":{\"@type\":\"WebPage\",\"@id\":\"https:\/\/www.couchgetuschel.at\/\",\"url\":\"https:\/\/www.couchgetuschel.at\/\",\"name\":\"Startseite\"}},{\"@type\":\"ListItem\",\"position\":2,\"item\":{\"@type\":\"WebPage\",\"@id\":\"https:\/\/www.couchgetuschel.at\/?page_id=614\",\"url\":\"https:\/\/www.couchgetuschel.at\/?page_id=614\",\"name\":\"Stapeln sie hoch!\"}}]}]}<\/script>\n<!-- \/ Yoast SEO plugin. -->","_links":{"self":[{"href":"https:\/\/www.couchgetuschel.at\/index.php?rest_route=\/wp\/v2\/pages\/614"}],"collection":[{"href":"https:\/\/www.couchgetuschel.at\/index.php?rest_route=\/wp\/v2\/pages"}],"about":[{"href":"https:\/\/www.couchgetuschel.at\/index.php?rest_route=\/wp\/v2\/types\/page"}],"author":[{"embeddable":true,"href":"https:\/\/www.couchgetuschel.at\/index.php?rest_route=\/wp\/v2\/users\/1"}],"replies":[{"embeddable":true,"href":"https:\/\/www.couchgetuschel.at\/index.php?rest_route=%2Fwp%2Fv2%2Fcomments&post=614"}],"version-history":[{"count":9,"href":"https:\/\/www.couchgetuschel.at\/index.php?rest_route=\/wp\/v2\/pages\/614\/revisions"}],"predecessor-version":[{"id":642,"href":"https:\/\/www.couchgetuschel.at\/index.php?rest_route=\/wp\/v2\/pages\/614\/revisions\/642"}],"wp:attachment":[{"href":"https:\/\/www.couchgetuschel.at\/index.php?rest_route=%2Fwp%2Fv2%2Fmedia&parent=614"}],"curies":[{"name":"wp","href":"https:\/\/api.w.org\/{rel}","templated":true}]}}