{"id":601,"date":"2021-04-25T15:52:22","date_gmt":"2021-04-25T15:52:22","guid":{"rendered":"https:\/\/www.couchgetuschel.at\/?page_id=601"},"modified":"2021-04-25T15:56:41","modified_gmt":"2021-04-25T15:56:41","slug":"nur-nicht-hudeln-2","status":"publish","type":"page","link":"https:\/\/www.couchgetuschel.at\/?page_id=601","title":{"rendered":"Nur nicht hudeln"},"content":{"rendered":"\t\t<div data-elementor-type=\"wp-page\" data-elementor-id=\"601\" class=\"elementor elementor-601\" data-elementor-settings=\"[]\">\n\t\t\t\t\t\t<div class=\"elementor-inner\">\n\t\t\t\t\t\t\t<div class=\"elementor-section-wrap\">\n\t\t\t\t\t\t\t<section class=\"elementor-section elementor-top-section elementor-element elementor-element-6b5ab37 elementor-section-boxed elementor-section-height-default elementor-section-height-default\" data-id=\"6b5ab37\" data-element_type=\"section\">\n\t\t\t\t\t\t<div class=\"elementor-container elementor-column-gap-default\">\n\t\t\t\t\t\t\t<div class=\"elementor-row\">\n\t\t\t\t\t<div class=\"elementor-column elementor-col-100 elementor-top-column elementor-element elementor-element-b225056\" data-id=\"b225056\" data-element_type=\"column\">\n\t\t\t<div class=\"elementor-column-wrap elementor-element-populated\">\n\t\t\t\t\t\t\t<div class=\"elementor-widget-wrap\">\n\t\t\t\t\t\t<div class=\"elementor-element elementor-element-d14d7a1 elementor-widget elementor-widget-heading\" data-id=\"d14d7a1\" data-element_type=\"widget\" data-widget_type=\"heading.default\">\n\t\t\t\t<div class=\"elementor-widget-container\">\n\t\t\t<h2 class=\"elementor-heading-title elementor-size-default\">Nur nicht hudeln<\/h2>\t\t<\/div>\n\t\t\t\t<\/div>\n\t\t\t\t\t\t<\/div>\n\t\t\t\t\t<\/div>\n\t\t<\/div>\n\t\t\t\t\t\t\t\t<\/div>\n\t\t\t\t\t<\/div>\n\t\t<\/section>\n\t\t\t\t<section class=\"elementor-section elementor-top-section elementor-element elementor-element-76ae9a2 elementor-section-boxed elementor-section-height-default elementor-section-height-default\" data-id=\"76ae9a2\" data-element_type=\"section\">\n\t\t\t\t\t\t<div class=\"elementor-container elementor-column-gap-default\">\n\t\t\t\t\t\t\t<div class=\"elementor-row\">\n\t\t\t\t\t<div class=\"elementor-column elementor-col-100 elementor-top-column elementor-element elementor-element-3cf9613\" data-id=\"3cf9613\" data-element_type=\"column\">\n\t\t\t<div class=\"elementor-column-wrap elementor-element-populated\">\n\t\t\t\t\t\t\t<div class=\"elementor-widget-wrap\">\n\t\t\t\t\t\t<div class=\"elementor-element elementor-element-75137a7 elementor-widget elementor-widget-text-editor\" data-id=\"75137a7\" data-element_type=\"widget\" data-widget_type=\"text-editor.default\">\n\t\t\t\t<div class=\"elementor-widget-container\">\n\t\t\t\t\t\t\t\t<div class=\"elementor-text-editor elementor-clearfix\">\n\t\t\t\t\t<p><img class=\"aligncenter\" src=\"https:\/\/www.couchgetuschel.at\/wp-content\/uploads\/2020\/11\/Foto_1_Waage-auf-Kommode-225x300.png\" alt=\"Couchgetuschel by Julia N\u00f6bauer\" \/><\/p><p class=\"textLayer\">JEDEM TREND NACHZULAUFEN,BRINGT SIE NUR ZUM SCHNAUFEN! ICH LIEBE WOHNZEITSCHRIFTEN UND ICH VERFOLGE TRENDS WIE STALKER IHRE PROMINENTEN OPFER. DESHALB WIRD SIE MEIN FOLGENDER RATSCHLAG ZUR GESTALTUNG IHRES ZUHAUSES JETZT WOHL ETWAS \u00dcBERRASCHEN: MACHEN SIE, WAS SIE WOLLEN, ABER RICHTEN SIE SICH BEIM EINRICHTEN IHRES EIGENHEIMS NIE NACH AKTUELLEN WOHNTRENDS!<br \/><br \/>DIE FRAGE \u201eWARUM DENN NICHT?\u201c KANN NUR PROVOKANT MIT EINER GEGENFRAGE BEANTWORTET WERDEN: \u201eWIE OFT HABEN SIE VOR IHR ZUHAUSE NEU ZU GESTALTEN?\u201c GEH\u00d6REN SIE NICHT ZU JENEN REICHEN, HIPPEN, MODE- UND ARCHITEKTURAFFINEN MENSCHEN, DIE AM LIEBSTEN T\u00c4GLICH M\u00d6BELST\u00dcCKE VERR\u00dcCKEN, ACCESSOIRES UND PFLANZEN UMARRANGIEREN, POLSTER\u00dcBERZ\u00dcGE, PLAIDS UND ANDERE TEXTILIEN SP\u00c4TESTENS MIT BEGINN DER N\u00c4CHSTEN JAHRESZEIT WECHSELN, DANN WERDEN SIE JEDEM WOHNTREND INNERHALB K\u00dcRZESTER ZEIT NACHH\u00c4NGEN.<br \/><br \/>JEDER ZU 100% AUSGELEBTE HYPE RUND UM DAS ZUHAUSE WIRD IHREM HEIM EINEN STEMPEL AUFDR\u00dcCKEN, DER JEDEM BESUCHER VERR\u00c4T, WANN SIE EINGEZOGEN SIND ODER DAS LETZTE MAL RENOVIERT HABEN. DIE ROTE WAND, DIE JEDER ANFANG DES JAHRTAUSENDS GLAUBTE HABEN ZU M\u00dcSSEN, UM ZU DEMONSTRIEREN, DASS ER EIN WOHN-REVOLUZZER IST, HAT SCHON MR.BIG IN \u201eSEX AND THE CITY\u201c NACH WENIGEN TAGEN BEREUT.<br \/><br \/>DIE WEISSEN METROFLIESEN IN DER ZEITLOSEN WEISSEN K\u00dcCHE, DIE ALLE IN DEN LETZTEN JAHREN F\u00dcR ORIGINELL HIELTEN, DIE DUNKELGRAUEN FLIESEN IM BAD, MIT DENEN MAN \u201eFARBLICH NICHTS FALSCH MACHEN KANN\u201c ODER DIE BILLIG PRODUZIERTE REPLIK EINER ACH SO ANGESAGTEN DESIGNERLAMPE WIRD MAN INNERHALB K\u00dcRZESTER ZEIT IN JEDEM HAUSHALT SEHEN, DEN MAN ALS GAST BETRITT. UND GANZ EHRLICH, WER WILL SCHON IN EINEM ZUHAUSE LEBEN, DAS AUSWECHSELBAR UND OHNE CHARME UND SEELE IS<br \/><br \/><strong>WIE SCHAFFE ICH ES NUN, MEINEM R\u00dcCKZUGSORT INDIVIDUALIT\u00c4T UND ZEITLOSIGKEIT ZU VERLEIHEN?<\/strong><br \/><br \/>\u2022 F\u00dcR ALL JENE ANSCHAFFUNGEN, DIE SIE BESTIMMT IN DEN N\u00c4CHSTEN ZEHN JAHREN NICHT \u00c4NDERN WERDEN, WIE K\u00dcCHENK\u00c4STEN, FLIESEN, B\u00d6DEN, USW. GILT, NUR DAS EINZUKAUFEN, WAS IHNEN PERS\u00d6NLICH GEF\u00c4LLT \u2013UND DAS NICHT NUR MOMENTAN, SONDERN SCHON SEHR, SEHR LANGE! WAS SIE DIE LETZTEN 10 JAHRE SCHON IMMER HABEN WOLLTEN, WIRD SIE AUCH IN DEN N\u00c4CHSTEN 10 JAHREN ERFREUEN.<br \/><br \/>\u2022\u00dcBERLEGEN SIE GUT, WELCHER WOHNTYP SIE SIND! F\u00dcHLEN SIE SICH MIT VIEL HOLZ WOHL ODER BEVORZUGEN SIE K\u00dcHLE MATERIALIEN WIE GLAS ODER BETON? M\u00d6GEN SIE ES QUIETSCHEND BUNT ODER UMGEBEN SIE SICH LIEBER MIT NEUTRALEN FARBT\u00d6NEN? SIND SIE FAN EINER BESTIMMTEN ZEITEPOCHE ODER MIXEN SIE GERNE M\u00d6BELUND EINRICHTUNGSGEGENST\u00c4NDE VERSCHIEDENSTER DEKADEN? HABEN SIE DAS HERAUSGEFUNDEN, DANN BLEIBEN SIE DABEI UND PFEIFEN SIE DARAUF, OB WOHNEXPERTEN GERADE DEN RETROSTIL DER 60ER JAHRE HERAUFBESCHW\u00d6REN.<br \/><br \/>\u2022UM IHREN ZEITGEIST UND IHR TRENDGESP\u00dcR ZU BEWEISEN, TOBEN SIE SICH BEI ALL JENEN EINRICHTUNGSGEGENST\u00c4NDEN AUS, DIE LEICHT AUSZUTAUSCHEN SIND UND BEI DENEN ES FINANZIELL NICHT WEHTUT, SIE BEIM N\u00c4CHSTEN FLOHMARKT LOSZUWERDEN, UM BEIM NACHBARSTAND EIN NEUES ULTRACOOLES SCHN\u00c4PPCHEN ZU ERGATTERN. STAUBEN SIEDORT GLEICHZEITIGSCH\u00d6NE ACCESSOIRES AUS MESSING AB, KAUFEN SIE EINEN GEBRAUCHTEN BARWAGEN F\u00dcR IHREN HEISSGELIEBTEN GIN UND DIE VOM GROSSVATER VERERBTEN GL\u00c4SER UND INVESTIEREN SIE IN ECHTE KUNST, ALTE FOTOGRAFIEN UND SCH\u00d6NE, VIELLEICHT ETWAS RAMPONIERTE RAHMEN, DIE SIE MIT VIEL LIEBE WIEDER HERRICHTEN, STREICHEN ODER UMFUNKTIONIERE<br \/><br \/>\u2022LIEBGEWONNENE FAMILIENERBST\u00dcCKE (WIE Z.B. EINE ALTE SCHREIBMASCHINE), \u201eVOR\u00dcBERGEHENDE\u201c LEIHGABEN DIVERSER VERWANDTER (TANTE MITZIS BIEDERMEIERKOMMODE) ODER URLAUBSSOUVENIRS AUS FERNEN L\u00c4NDERN (KORBWAREN, POUFS) HALTEN ERINNERUNGEN LEBENDIG UND ZIEHEN DIE BLICKE EINES JEDEN GASTES AUF SICH. UND WAS GIBT ES SCH\u00d6NERES ALS STOLZ BEI EINEM APERITIV DAVON ZU ERZ\u00c4HLEN, DASS DER EIGENE OPA LIEBESBRIEFE AUF DIESER SCHREIBMASCHINE TIPPTE ODER DIE COUSINE ANGEBLICH AUF GENAU DIESER KOMMODE NACH ZU VIEL GIN GEZEUGT WURDE.<br \/><br \/><strong><br \/>HILFREICHE TIPPS ZUM EINRICHTEN:<\/strong><br \/><br \/><strong>DO\u2019S:<\/strong><br \/><br \/>\u2022 KAUFEN SIE NUR, WAS IHNEN SCHONLANGE GEF\u00c4LLT!<br \/><br \/>\u2022 FINDEN SIE HERAUS, WELCHER STIL IHNEN ENTSPRICHT.<br \/><br \/>\u2022 TOBEN SIE SICH BEI AUSTAUSCHBAREN ACCESSOIRES MODEM\u00c4SSIG AUS<br \/><br \/>\u2022 SCHNORREN SIE BEI VERWANDTEN!<br \/><br \/>\u2022 INSZENIEREN SIE IHRE URLAUBSSOUVENIRS!<br \/><br \/><strong>DONT\u2019S:<\/strong><br \/><br \/>\u2022 FOLGEN SIE NICHT JEDEM TREND!<br \/><br \/>\u2022 KAUFEN SIE NICHT ALLES BEI EIN-UND DEMSELBEN HERSTELLER!<br \/><br \/>\u2022 FANGEN SIE FR\u00dcH GENUG AN, DINGE, DIE IHNEN LIEB SIND, ZU SAMMELN!<br \/><br \/>\u2022 LASSEN SIE SICH NICHT STRESSEN! EIN ZUHAUSE MUSS WACHSEN.<br \/><br \/>\u2022 WERFEN SIE ALTE ODER KAPUTTE M\u00d6BELST\u00dcCKE NICHT GLEICH WEG! AUS DEM EINEN ODER ANDEREN KANN MIT EIN BISSCHEN GESCHICK UND EINER YOUTUBE-ANLEITUNG EIN LIEBLINGSST\u00dcCK WERDEN.<\/p><p><img src=\"https:\/\/www.couchgetuschel.at\/wp-content\/uploads\/2020\/11\/Foto_1_Schwarz-weiss-Foto_rund-225x300.png\" alt=\"Couchgetuschel by Julia N\u00f6bauer\" \/><\/p>\t\t\t\t\t<\/div>\n\t\t\t\t\t\t<\/div>\n\t\t\t\t<\/div>\n\t\t\t\t\t\t<\/div>\n\t\t\t\t\t<\/div>\n\t\t<\/div>\n\t\t\t\t\t\t\t\t<\/div>\n\t\t\t\t\t<\/div>\n\t\t<\/section>\n\t\t\t\t\t\t<\/div>\n\t\t\t\t\t\t<\/div>\n\t\t\t\t\t<\/div>\n\t\t","protected":false},"excerpt":{"rendered":"<p>Nur nicht hudeln JEDEM TREND NACHZULAUFEN,BRINGT SIE NUR ZUM SCHNAUFEN! ICH LIEBE WOHNZEITSCHRIFTEN UND ICH VERFOLGE TRENDS WIE STALKER IHRE PROMINENTEN OPFER. DESHALB WIRD SIE MEIN FOLGENDER RATSCHLAG ZUR GESTALTUNG IHRES ZUHAUSES JETZT WOHL ETWAS \u00dcBERRASCHEN: MACHEN SIE, WAS SIE WOLLEN, ABER RICHTEN SIE SICH BEIM EINRICHTEN IHRES EIGENHEIMS NIE NACH AKTUELLEN WOHNTRENDS! DIE FRAGE &hellip;<\/p>\n<p class=\"read-more\"> <a class=\"\" href=\"https:\/\/www.couchgetuschel.at\/?page_id=601\"> <span class=\"screen-reader-text\">Nur nicht hudeln<\/span> Weiterlesen &raquo;<\/a><\/p>\n","protected":false},"author":1,"featured_media":0,"parent":0,"menu_order":0,"comment_status":"closed","ping_status":"closed","template":"","meta":[],"yoast_head":"<!-- This site is optimized with the Yoast SEO plugin v16.1.1 - https:\/\/yoast.com\/wordpress\/plugins\/seo\/ -->\n<title>Nur nicht hudeln - Couchgetuschel by Julia N\u00f6bauer<\/title>\n<link rel=\"canonical\" href=\"https:\/\/www.couchgetuschel.at\/?page_id=601\" \/>\n<meta property=\"og:locale\" content=\"de_DE\" \/>\n<meta property=\"og:type\" content=\"article\" \/>\n<meta property=\"og:title\" content=\"Nur nicht hudeln - Couchgetuschel by Julia N\u00f6bauer\" \/>\n<meta property=\"og:description\" content=\"Nur nicht hudeln JEDEM TREND NACHZULAUFEN,BRINGT SIE NUR ZUM SCHNAUFEN! ICH LIEBE WOHNZEITSCHRIFTEN UND ICH VERFOLGE TRENDS WIE STALKER IHRE PROMINENTEN OPFER. DESHALB WIRD SIE MEIN FOLGENDER RATSCHLAG ZUR GESTALTUNG IHRES ZUHAUSES JETZT WOHL ETWAS \u00dcBERRASCHEN: MACHEN SIE, WAS SIE WOLLEN, ABER RICHTEN SIE SICH BEIM EINRICHTEN IHRES EIGENHEIMS NIE NACH AKTUELLEN WOHNTRENDS! DIE FRAGE &hellip; Nur nicht hudeln Weiterlesen &raquo;\" \/>\n<meta property=\"og:url\" content=\"https:\/\/www.couchgetuschel.at\/?page_id=601\" \/>\n<meta property=\"og:site_name\" content=\"Couchgetuschel by Julia N\u00f6bauer\" \/>\n<meta property=\"article:modified_time\" content=\"2021-04-25T15:56:41+00:00\" \/>\n<meta property=\"og:image\" content=\"https:\/\/www.couchgetuschel.at\/wp-content\/uploads\/2020\/11\/Foto_1_Waage-auf-Kommode-225x300.png\" \/>\n<meta name=\"twitter:card\" content=\"summary_large_image\" \/>\n<meta name=\"twitter:label1\" content=\"Gesch\u00e4tzte Lesezeit\">\n\t<meta name=\"twitter:data1\" content=\"4\u00a0Minuten\">\n<script type=\"application\/ld+json\" class=\"yoast-schema-graph\">{\"@context\":\"https:\/\/schema.org\",\"@graph\":[{\"@type\":\"WebSite\",\"@id\":\"https:\/\/www.couchgetuschel.at\/#website\",\"url\":\"https:\/\/www.couchgetuschel.at\/\",\"name\":\"Couchgetuschel by Julia N\\u00f6bauer\",\"description\":\"von Skurillem und Sch\\u00f6nem\",\"potentialAction\":[{\"@type\":\"SearchAction\",\"target\":\"https:\/\/www.couchgetuschel.at\/?s={search_term_string}\",\"query-input\":\"required name=search_term_string\"}],\"inLanguage\":\"de\"},{\"@type\":\"ImageObject\",\"@id\":\"https:\/\/www.couchgetuschel.at\/?page_id=601#primaryimage\",\"inLanguage\":\"de\",\"url\":\"https:\/\/www.couchgetuschel.at\/wp-content\/uploads\/2020\/11\/Foto_1_Waage-auf-Kommode-225x300.png\",\"contentUrl\":\"https:\/\/www.couchgetuschel.at\/wp-content\/uploads\/2020\/11\/Foto_1_Waage-auf-Kommode-225x300.png\"},{\"@type\":\"WebPage\",\"@id\":\"https:\/\/www.couchgetuschel.at\/?page_id=601#webpage\",\"url\":\"https:\/\/www.couchgetuschel.at\/?page_id=601\",\"name\":\"Nur nicht hudeln - Couchgetuschel by Julia N\\u00f6bauer\",\"isPartOf\":{\"@id\":\"https:\/\/www.couchgetuschel.at\/#website\"},\"primaryImageOfPage\":{\"@id\":\"https:\/\/www.couchgetuschel.at\/?page_id=601#primaryimage\"},\"datePublished\":\"2021-04-25T15:52:22+00:00\",\"dateModified\":\"2021-04-25T15:56:41+00:00\",\"breadcrumb\":{\"@id\":\"https:\/\/www.couchgetuschel.at\/?page_id=601#breadcrumb\"},\"inLanguage\":\"de\",\"potentialAction\":[{\"@type\":\"ReadAction\",\"target\":[\"https:\/\/www.couchgetuschel.at\/?page_id=601\"]}]},{\"@type\":\"BreadcrumbList\",\"@id\":\"https:\/\/www.couchgetuschel.at\/?page_id=601#breadcrumb\",\"itemListElement\":[{\"@type\":\"ListItem\",\"position\":1,\"item\":{\"@type\":\"WebPage\",\"@id\":\"https:\/\/www.couchgetuschel.at\/\",\"url\":\"https:\/\/www.couchgetuschel.at\/\",\"name\":\"Startseite\"}},{\"@type\":\"ListItem\",\"position\":2,\"item\":{\"@type\":\"WebPage\",\"@id\":\"https:\/\/www.couchgetuschel.at\/?page_id=601\",\"url\":\"https:\/\/www.couchgetuschel.at\/?page_id=601\",\"name\":\"Nur nicht hudeln\"}}]}]}<\/script>\n<!-- \/ Yoast SEO plugin. -->","_links":{"self":[{"href":"https:\/\/www.couchgetuschel.at\/index.php?rest_route=\/wp\/v2\/pages\/601"}],"collection":[{"href":"https:\/\/www.couchgetuschel.at\/index.php?rest_route=\/wp\/v2\/pages"}],"about":[{"href":"https:\/\/www.couchgetuschel.at\/index.php?rest_route=\/wp\/v2\/types\/page"}],"author":[{"embeddable":true,"href":"https:\/\/www.couchgetuschel.at\/index.php?rest_route=\/wp\/v2\/users\/1"}],"replies":[{"embeddable":true,"href":"https:\/\/www.couchgetuschel.at\/index.php?rest_route=%2Fwp%2Fv2%2Fcomments&post=601"}],"version-history":[{"count":10,"href":"https:\/\/www.couchgetuschel.at\/index.php?rest_route=\/wp\/v2\/pages\/601\/revisions"}],"predecessor-version":[{"id":612,"href":"https:\/\/www.couchgetuschel.at\/index.php?rest_route=\/wp\/v2\/pages\/601\/revisions\/612"}],"wp:attachment":[{"href":"https:\/\/www.couchgetuschel.at\/index.php?rest_route=%2Fwp%2Fv2%2Fmedia&parent=601"}],"curies":[{"name":"wp","href":"https:\/\/api.w.org\/{rel}","templated":true}]}}