{"id":592,"date":"2021-04-25T15:48:26","date_gmt":"2021-04-25T15:48:26","guid":{"rendered":"https:\/\/www.couchgetuschel.at\/?page_id=592"},"modified":"2021-04-25T16:22:43","modified_gmt":"2021-04-25T16:22:43","slug":"plastikdschungel","status":"publish","type":"page","link":"https:\/\/www.couchgetuschel.at\/?page_id=592","title":{"rendered":"Im Plastikdschungel"},"content":{"rendered":"\t\t<div data-elementor-type=\"wp-page\" data-elementor-id=\"592\" class=\"elementor elementor-592\" data-elementor-settings=\"[]\">\n\t\t\t\t\t\t<div class=\"elementor-inner\">\n\t\t\t\t\t\t\t<div class=\"elementor-section-wrap\">\n\t\t\t\t\t\t\t<section class=\"elementor-section elementor-top-section elementor-element elementor-element-5b2d6e3 elementor-section-boxed elementor-section-height-default elementor-section-height-default\" data-id=\"5b2d6e3\" data-element_type=\"section\">\n\t\t\t\t\t\t<div class=\"elementor-container elementor-column-gap-default\">\n\t\t\t\t\t\t\t<div class=\"elementor-row\">\n\t\t\t\t\t<div class=\"elementor-column elementor-col-100 elementor-top-column elementor-element elementor-element-c730ac5\" data-id=\"c730ac5\" data-element_type=\"column\">\n\t\t\t<div class=\"elementor-column-wrap elementor-element-populated\">\n\t\t\t\t\t\t\t<div class=\"elementor-widget-wrap\">\n\t\t\t\t\t\t<div class=\"elementor-element elementor-element-7575d3d elementor-widget elementor-widget-heading\" data-id=\"7575d3d\" data-element_type=\"widget\" data-widget_type=\"heading.default\">\n\t\t\t\t<div class=\"elementor-widget-container\">\n\t\t\t<h2 class=\"elementor-heading-title elementor-size-default\">Im Plastikdschungel<\/h2>\t\t<\/div>\n\t\t\t\t<\/div>\n\t\t\t\t\t\t<\/div>\n\t\t\t\t\t<\/div>\n\t\t<\/div>\n\t\t\t\t\t\t\t\t<\/div>\n\t\t\t\t\t<\/div>\n\t\t<\/section>\n\t\t\t\t<section class=\"elementor-section elementor-top-section elementor-element elementor-element-dbad0cd elementor-section-boxed elementor-section-height-default elementor-section-height-default\" data-id=\"dbad0cd\" data-element_type=\"section\">\n\t\t\t\t\t\t<div class=\"elementor-container elementor-column-gap-default\">\n\t\t\t\t\t\t\t<div class=\"elementor-row\">\n\t\t\t\t\t<div class=\"elementor-column elementor-col-100 elementor-top-column elementor-element elementor-element-c9fd8ac\" data-id=\"c9fd8ac\" data-element_type=\"column\">\n\t\t\t<div class=\"elementor-column-wrap elementor-element-populated\">\n\t\t\t\t\t\t\t<div class=\"elementor-widget-wrap\">\n\t\t\t\t\t\t<div class=\"elementor-element elementor-element-b58f174 elementor-widget elementor-widget-text-editor\" data-id=\"b58f174\" data-element_type=\"widget\" data-widget_type=\"text-editor.default\">\n\t\t\t\t<div class=\"elementor-widget-container\">\n\t\t\t\t\t\t\t\t<div class=\"elementor-text-editor elementor-clearfix\">\n\t\t\t\t\t<div id=\"bp-page-1\" class=\"page\" data-page-number=\"1\" data-loaded=\"true\"><section class=\"elementor-section elementor-top-section elementor-element elementor-element-ce9f704 elementor-section-boxed elementor-section-height-default elementor-section-height-default\" data-id=\"ce9f704\" data-element_type=\"section\"><div class=\"elementor-container elementor-column-gap-default\"><div class=\"elementor-row\"><div class=\"elementor-column elementor-col-100 elementor-top-column elementor-element elementor-element-781b07b\" data-id=\"781b07b\" data-element_type=\"column\"><div class=\"elementor-column-wrap elementor-element-populated\"><div class=\"elementor-widget-wrap\"><div class=\"elementor-element elementor-element-368e030 elementor-widget elementor-widget-image\" data-id=\"368e030\" data-element_type=\"widget\" data-widget_type=\"image.default\"><div class=\"elementor-widget-container\"><div class=\"elementor-image\"><img loading=\"lazy\" class=\"attachment-thumbnail size-thumbnail\" src=\"https:\/\/www.couchgetuschel.at\/wp-content\/uploads\/2020\/11\/Foto_3_Brunos-Bu%CC%88cherkommode-150x150.png\" sizes=\"(max-width: 150px) 100vw, 150px\" srcset=\"https:\/\/www.couchgetuschel.at\/wp-content\/uploads\/2020\/11\/Foto_3_Brunos-Bu\u0308cherkommode-150x150.png 150w, https:\/\/www.couchgetuschel.at\/wp-content\/uploads\/2020\/11\/Foto_3_Brunos-Bu\u0308cherkommode-200x200.png 200w, https:\/\/www.couchgetuschel.at\/wp-content\/uploads\/2020\/11\/Foto_3_Brunos-Bu\u0308cherkommode-100x100.png 100w\" alt=\"Couchgetuschel by Julia N\u00f6bauer\" width=\"150\" height=\"150\" \/><\/div><\/div><\/div><\/div><\/div><\/div><\/div><\/div><\/section><section class=\"elementor-section elementor-top-section elementor-element elementor-element-ac8336c elementor-section-boxed elementor-section-height-default elementor-section-height-default\" data-id=\"ac8336c\" data-element_type=\"section\"><div class=\"elementor-container elementor-column-gap-default\"><div class=\"elementor-row\"><div class=\"elementor-column elementor-col-100 elementor-top-column elementor-element elementor-element-e189cbf\" data-id=\"e189cbf\" data-element_type=\"column\"><div class=\"elementor-column-wrap elementor-element-populated\"><div class=\"elementor-widget-wrap\"><div class=\"elementor-element elementor-element-8e7afd8 elementor-widget elementor-widget-text-editor\" data-id=\"8e7afd8\" data-element_type=\"widget\" data-widget_type=\"text-editor.default\"><div class=\"elementor-widget-container\"><div class=\"elementor-text-editor elementor-clearfix\"><div id=\"bp-page-1\" class=\"page\" data-page-number=\"1\" data-loaded=\"true\"><p class=\"textLayer\">Was ist schwerer als eine Landung auf dem Mond? Ein Kinderzimmer so zu gestalten, dasses nicht nur sch\u00f6n und funktional ist, sondern auch mit ihrem Kind mitw\u00e4chst. Manche M\u00e4dchen tr\u00e4umen ihr ganzes Leben von ihrem Traumprinzen und ihrer Traumhochzeit. Ich tr\u00e4umte von meiner Traumwohnung. In der gab es auch gen\u00fcgend Platz f\u00fcr einen Mann und ein Kind.In diesem Zuhause gestaltete ich auch das perfekte Kinderzimmer. Immer wieder in neuem Antlitz:<\/p><p>\u00a0<\/p><p class=\"textLayer\">Manchmal verwandelte es sich in einen Dschungel, eingerahmt in mit Lianen, \u00c4ffchen und tropischen V\u00f6gelnbedruckten Tapeten. Stofftiere sitzenin einer H\u00e4ngematte dicht beieinander und warten auf mein Kind, das es sich dort mit einem Buch gem\u00fctlich macht. Das Bett stellte ich mir wie eineSchlafkoje vor, wie eine H\u00f6hle, in die der kleine B\u00e4r kriecht, wenn er m\u00fcde wird. Dann wiederum sollte das Kinderzimmer f\u00fcr meinen Nachwuchs ein N\u00e4hrboden f\u00fcr gro\u00dfe Tr\u00e4ume sein. Ein Sternenhimmel soll ihm zeigen, dass das Leben f\u00fcr ihn unendlich viele M\u00f6glichkeiten bietet.Ein Hochbett in Form einer Rakete soll ihnbereitdaf\u00fcrmachen,gro\u00dfe Abenteuer zu erleben. Und es solleinen weiteren Schlafplatz haben, damit die Spielgef\u00e4hrten auch \u00fcber Nacht bleiben k\u00f6nnen.<\/p><p>\u00a0<\/p><p class=\"textLayer\">Vorstellen konnte ich mir auch ein Kinderzimmer in pastelligen Farbt\u00f6nen -ohne dabei klischeehaft (Blau f\u00fcr Buben, Rosa f\u00fcr M\u00e4dchen) zu werden. Dort sollen kuschelige Teppiche denkleinenPrinzen oderdie kleine Prinzessin einladen, am Boden zu liegen, Kuscheltiere und Puppen zum Kaffeekr\u00e4nzchen einzuladen und Brettspiele zu spielen.In dieser pudrig-sanften Umgebung wird es ein leichtes, am Abend schnell einzuschlafen und s\u00fc\u00df zu tr\u00e4umen. Dann wurde ich erwachsen und schwanger. Und die Panik brach \u00fcber mich herein. In meiner geliebten Altbauwohnung ist zwar Platz nach oben, aber mindestens ein Zimmer zu wenig. Aus dem ehemaligen gro\u00dfz\u00fcgig geschnittenen Arbeitszimmer wurde das so genannte Herrenzimmer, das sich mein gro\u00dfer und mein kleiner Bub nun teilen m\u00fcssen. Vorbei war es mit Dschungel, Universum und Traum in Pastell. Eine schnelle kosteng\u00fcnstige pragmatische L\u00f6sung musste her.<\/p><p>\u00a0<\/p><p class=\"textLayer\">Eine Ikea-Kommode bekam Schleich-Tiere als Griffe und dient nun als Raumteiler zwischen Arbeit und Vergn\u00fcgen. Die R\u00fcckwand wurde mit einer Korkplatte und einer Spanplatte, die mit Tafelfarbe bemalt wurde, verkleidet, sodass wichtige Ideen, Notizen, Telefonnummern auch nicht verloren gehen. Das alte Sofa durfte im Junior-Teil bleiben,wurdeallerdings durch neue P\u00f6lsteraufgemotzt. An dieWand kamen Schwarzwei\u00df-Fotos von unseren Kindheitshelden. Nun wachen Bud Spencer und Terrence Hill \u00fcber den Schlaf unseresBuben.Spielzeug und Kinderb\u00fccher verstauten wir in alten Kommoden. Wir waren gl\u00fccklich und zufrieden, zuversichtlich und \u00fcberzeugt davon, kein h\u00e4ssliches Plastikklumpert und Kitsch in dieses kleine, aber feine Terrain einziehen zu lassen.<\/p><p>\u00a0<\/p><p class=\"textLayer\">Nun ist unser Kleiner ein Jahr alt. Und wir haben aufgegeben. Erentscheidet bereits, was wir behalten und was wegkommt. Leider ist es nicht das teure Holzspielzeug, dass das \u00f6kologische Gewissen nachhaltig beruhigt, mit dem er spielt, sondern das h\u00e4ssliche, blinkende und l\u00e4rmende Multitasking-Spielzeug. Da werden zwar Kindertr\u00e4ume wahr, aber ich f\u00fchle mich,als w\u00e4re ich in Las Vegas inmitten von einarmigen Banditen gelandet, ohne jedoch nur einen Jeton zu besitzen. Damit dem Kleinen auch sicher nichts passiert, haben wir nun auch noch ein Kindergef\u00e4ngnis \u2013pardon! \u2013Kinderwohnzimmer aufgebaut.<\/p><p>\u00a0<\/p><p class=\"textLayer\">Dieses besteht aus quietschbunten,zusammensteckbaren Teilen, die verhindern sollen, dass unser quirliges Kerlchen \u00fcberall hinkommt.Rechtfertigen kann ich es nur dadurch, indem ich mir einrede: Wenn es schon nicht aus Holz ist, so ist es immerhin second hand (von meiner Schwester),gepr\u00fcft und f\u00fcr gut bewertet worden (von meiner Mutter). Bis ich also gelernt habe, mich gegen die Familie zu stellen und Plastikmauern einzurei\u00dfen, tr\u00e4ume ich weiter vom Dschungel, dem Universum oder einem Traum in Pastell.<\/p><\/div><p class=\"ba-Layer ba-Layer--regionCreation\" data-resin-feature=\"annotations\" data-testid=\"ba-Layer--regionCreation\">\u00a0<\/p><div id=\"bp-page-3\" class=\"page\" data-page-number=\"3\" data-loaded=\"true\"><p class=\"textLayer\">DONT\u2019s:\u2022Lassen Sie sich ausschlie\u00dflich Gutscheine oder Geld schenken, wenn Sie konkrete Vorstellungen von Kinderspielzeug und Einrichtungsgegenst\u00e4nden haben! \u2022Trauen Sie sich \u201eNein\u201c zu h\u00e4sslichen Klamotten und laut singenden Blink-Blink-Spielzeug zu sagen. Oder schenken Sie es gleich weiter.\u2022Geben Sie nicht unn\u00f6tig viel Geld f\u00fcr \u00fcberteuerte Kinderm\u00f6bel und Accessoires aus, die Sie nur f\u00fcr kurze Zeit brauchen!<\/p><p>\u00a0<\/p><p class=\"textLayer\">DO\u2019s:\u2022W\u00e4hlenSie eine Farbwelt oder ein Themaf\u00fcr Ihr Kinderzimmer aus!\u2022Sorgen Sie f\u00fcr gen\u00fcgend Stauraum! Ohne versinkt man im absoluten Chaos!\u2022Entscheiden Sie sich f\u00fcr M\u00f6bel, die mitwachsen und sich umgestalten lassen!<\/p><p class=\"textLayer\">\u2022Legen Sie selbst Hand an! Mit anderen Griffen oder einer neuen Lackierung wird ein bereits vorhandenes St\u00fcck zum Hingucker.<\/p><p class=\"textLayer\">\u2022Zur\u00fcck in die Vergangenheit! Ein alter Puppenwagen, das eigene Gitterbettoder OpasOhrensessel sorgenf\u00fcr Gem\u00fctlichkeit und Charme.<\/p><\/div><\/div><\/div><\/div><\/div><\/div><\/div><\/div><\/div><\/section><section class=\"elementor-section elementor-top-section elementor-element elementor-element-2f30228 elementor-section-boxed elementor-section-height-default elementor-section-height-default\" data-id=\"2f30228\" data-element_type=\"section\"><div class=\"elementor-container elementor-column-gap-default\"><div class=\"elementor-row\"><div class=\"elementor-column elementor-col-100 elementor-top-column elementor-element elementor-element-f7b2e4a\" data-id=\"f7b2e4a\" data-element_type=\"column\"><div class=\"elementor-column-wrap elementor-element-populated\"><div class=\"elementor-widget-wrap\"><div class=\"elementor-element elementor-element-b1b2aad elementor-widget elementor-widget-image\" data-id=\"b1b2aad\" data-element_type=\"widget\" data-widget_type=\"image.default\"><div class=\"elementor-widget-container\"><div class=\"elementor-image\"><img loading=\"lazy\" class=\"attachment-thumbnail size-thumbnail\" src=\"https:\/\/www.couchgetuschel.at\/wp-content\/uploads\/2020\/11\/Foto_3_Raumteiler-150x150.png\" sizes=\"(max-width: 150px) 100vw, 150px\" srcset=\"https:\/\/www.couchgetuschel.at\/wp-content\/uploads\/2020\/11\/Foto_3_Raumteiler-150x150.png 150w, https:\/\/www.couchgetuschel.at\/wp-content\/uploads\/2020\/11\/Foto_3_Raumteiler-200x200.png 200w, https:\/\/www.couchgetuschel.at\/wp-content\/uploads\/2020\/11\/Foto_3_Raumteiler-100x100.png 100w\" alt=\"Couchgetuschel by Julia N\u00f6bauer\" width=\"150\" height=\"150\" \/><\/div><\/div><\/div><\/div><\/div><\/div><\/div><\/div><\/section><\/div>\t\t\t\t\t<\/div>\n\t\t\t\t\t\t<\/div>\n\t\t\t\t<\/div>\n\t\t\t\t\t\t<\/div>\n\t\t\t\t\t<\/div>\n\t\t<\/div>\n\t\t\t\t\t\t\t\t<\/div>\n\t\t\t\t\t<\/div>\n\t\t<\/section>\n\t\t\t\t\t\t<\/div>\n\t\t\t\t\t\t<\/div>\n\t\t\t\t\t<\/div>\n\t\t","protected":false},"excerpt":{"rendered":"<p>Im Plastikdschungel Was ist schwerer als eine Landung auf dem Mond? Ein Kinderzimmer so zu gestalten, dasses nicht nur sch\u00f6n und funktional ist, sondern auch mit ihrem Kind mitw\u00e4chst. Manche M\u00e4dchen tr\u00e4umen ihr ganzes Leben von ihrem Traumprinzen und ihrer Traumhochzeit. Ich tr\u00e4umte von meiner Traumwohnung. In der gab es auch gen\u00fcgend Platz f\u00fcr einen &hellip;<\/p>\n<p class=\"read-more\"> <a class=\"\" href=\"https:\/\/www.couchgetuschel.at\/?page_id=592\"> <span class=\"screen-reader-text\">Im Plastikdschungel<\/span> Weiterlesen &raquo;<\/a><\/p>\n","protected":false},"author":1,"featured_media":0,"parent":0,"menu_order":0,"comment_status":"closed","ping_status":"closed","template":"","meta":[],"yoast_head":"<!-- This site is optimized with the Yoast SEO plugin v16.1.1 - https:\/\/yoast.com\/wordpress\/plugins\/seo\/ -->\n<title>Im Plastikdschungel - Couchgetuschel by Julia N\u00f6bauer<\/title>\n<link rel=\"canonical\" href=\"https:\/\/www.couchgetuschel.at\/?page_id=592\" \/>\n<meta property=\"og:locale\" content=\"de_DE\" \/>\n<meta property=\"og:type\" content=\"article\" \/>\n<meta property=\"og:title\" content=\"Im Plastikdschungel - Couchgetuschel by Julia N\u00f6bauer\" \/>\n<meta property=\"og:description\" content=\"Im Plastikdschungel Was ist schwerer als eine Landung auf dem Mond? Ein Kinderzimmer so zu gestalten, dasses nicht nur sch\u00f6n und funktional ist, sondern auch mit ihrem Kind mitw\u00e4chst. Manche M\u00e4dchen tr\u00e4umen ihr ganzes Leben von ihrem Traumprinzen und ihrer Traumhochzeit. Ich tr\u00e4umte von meiner Traumwohnung. In der gab es auch gen\u00fcgend Platz f\u00fcr einen &hellip; Im Plastikdschungel Weiterlesen &raquo;\" \/>\n<meta property=\"og:url\" content=\"https:\/\/www.couchgetuschel.at\/?page_id=592\" \/>\n<meta property=\"og:site_name\" content=\"Couchgetuschel by Julia N\u00f6bauer\" \/>\n<meta property=\"article:modified_time\" content=\"2021-04-25T16:22:43+00:00\" \/>\n<meta property=\"og:image\" content=\"https:\/\/www.couchgetuschel.at\/wp-content\/uploads\/2020\/11\/Foto_3_Brunos-Bu%CC%88cherkommode-150x150.png\" \/>\n<meta name=\"twitter:card\" content=\"summary_large_image\" \/>\n<meta name=\"twitter:label1\" content=\"Gesch\u00e4tzte Lesezeit\">\n\t<meta name=\"twitter:data1\" content=\"7\u00a0Minuten\">\n<script type=\"application\/ld+json\" class=\"yoast-schema-graph\">{\"@context\":\"https:\/\/schema.org\",\"@graph\":[{\"@type\":\"WebSite\",\"@id\":\"https:\/\/www.couchgetuschel.at\/#website\",\"url\":\"https:\/\/www.couchgetuschel.at\/\",\"name\":\"Couchgetuschel by Julia N\\u00f6bauer\",\"description\":\"von Skurillem und Sch\\u00f6nem\",\"potentialAction\":[{\"@type\":\"SearchAction\",\"target\":\"https:\/\/www.couchgetuschel.at\/?s={search_term_string}\",\"query-input\":\"required name=search_term_string\"}],\"inLanguage\":\"de\"},{\"@type\":\"ImageObject\",\"@id\":\"https:\/\/www.couchgetuschel.at\/?page_id=592#primaryimage\",\"inLanguage\":\"de\",\"url\":\"https:\/\/www.couchgetuschel.at\/wp-content\/uploads\/2020\/11\/Foto_3_Brunos-Bu%CC%88cherkommode-150x150.png\",\"contentUrl\":\"https:\/\/www.couchgetuschel.at\/wp-content\/uploads\/2020\/11\/Foto_3_Brunos-Bu%CC%88cherkommode-150x150.png\"},{\"@type\":\"WebPage\",\"@id\":\"https:\/\/www.couchgetuschel.at\/?page_id=592#webpage\",\"url\":\"https:\/\/www.couchgetuschel.at\/?page_id=592\",\"name\":\"Im Plastikdschungel - Couchgetuschel by Julia N\\u00f6bauer\",\"isPartOf\":{\"@id\":\"https:\/\/www.couchgetuschel.at\/#website\"},\"primaryImageOfPage\":{\"@id\":\"https:\/\/www.couchgetuschel.at\/?page_id=592#primaryimage\"},\"datePublished\":\"2021-04-25T15:48:26+00:00\",\"dateModified\":\"2021-04-25T16:22:43+00:00\",\"breadcrumb\":{\"@id\":\"https:\/\/www.couchgetuschel.at\/?page_id=592#breadcrumb\"},\"inLanguage\":\"de\",\"potentialAction\":[{\"@type\":\"ReadAction\",\"target\":[\"https:\/\/www.couchgetuschel.at\/?page_id=592\"]}]},{\"@type\":\"BreadcrumbList\",\"@id\":\"https:\/\/www.couchgetuschel.at\/?page_id=592#breadcrumb\",\"itemListElement\":[{\"@type\":\"ListItem\",\"position\":1,\"item\":{\"@type\":\"WebPage\",\"@id\":\"https:\/\/www.couchgetuschel.at\/\",\"url\":\"https:\/\/www.couchgetuschel.at\/\",\"name\":\"Startseite\"}},{\"@type\":\"ListItem\",\"position\":2,\"item\":{\"@type\":\"WebPage\",\"@id\":\"https:\/\/www.couchgetuschel.at\/?page_id=592\",\"url\":\"https:\/\/www.couchgetuschel.at\/?page_id=592\",\"name\":\"Im Plastikdschungel\"}}]}]}<\/script>\n<!-- \/ Yoast SEO plugin. -->","_links":{"self":[{"href":"https:\/\/www.couchgetuschel.at\/index.php?rest_route=\/wp\/v2\/pages\/592"}],"collection":[{"href":"https:\/\/www.couchgetuschel.at\/index.php?rest_route=\/wp\/v2\/pages"}],"about":[{"href":"https:\/\/www.couchgetuschel.at\/index.php?rest_route=\/wp\/v2\/types\/page"}],"author":[{"embeddable":true,"href":"https:\/\/www.couchgetuschel.at\/index.php?rest_route=\/wp\/v2\/users\/1"}],"replies":[{"embeddable":true,"href":"https:\/\/www.couchgetuschel.at\/index.php?rest_route=%2Fwp%2Fv2%2Fcomments&post=592"}],"version-history":[{"count":14,"href":"https:\/\/www.couchgetuschel.at\/index.php?rest_route=\/wp\/v2\/pages\/592\/revisions"}],"predecessor-version":[{"id":652,"href":"https:\/\/www.couchgetuschel.at\/index.php?rest_route=\/wp\/v2\/pages\/592\/revisions\/652"}],"wp:attachment":[{"href":"https:\/\/www.couchgetuschel.at\/index.php?rest_route=%2Fwp%2Fv2%2Fmedia&parent=592"}],"curies":[{"name":"wp","href":"https:\/\/api.w.org\/{rel}","templated":true}]}}